{"id":7,"date":"2024-08-25T22:55:26","date_gmt":"2024-08-25T20:55:26","guid":{"rendered":"https:\/\/nesticar.com\/?page_id=7"},"modified":"2024-08-27T13:16:53","modified_gmt":"2024-08-27T11:16:53","slug":"comparatif-voitures","status":"publish","type":"page","link":"https:\/\/nesticar.com\/","title":{"rendered":"Comparatif voitures"},"content":{"rendered":"\n<!DOCTYPE html>\n<html lang=\"en\">\n<head>\n    <meta charset=\"UTF-8\">\n    <meta name=\"viewport\" content=\"width=device-width, initial-scale=1.0\">\n    <title>Car Cost Calculator<\/title>\n    <script src=\"https:\/\/nesticar.com\/nesticar\/chart.js\"><\/script>\n<\/head>\n<body>\n      <h3>Comment utilisez vous votre v\u00e9hicule:<\/h3>\n    <label for=\"weeklyMileage\">Kilometrage chaque jour de la semaine (km): <\/label>\n    <input type=\"number\" id=\"weeklyMileage\" value=\"0\" min=\"0\"><br><br>\n\n    <label for=\"weekendMileage\">Kilometrage en Weekend (km): <\/label>\n    <input type=\"number\" id=\"weekendMileage\" value=\"0\" min=\"0\"><br><br>\n\n    <label for=\"longTripMileage\">Kilometrage pour longs trajets ou vacances (km): <\/label>\n    <input type=\"number\" id=\"longTripMileage\" value=\"0\" min=\"0\"><br><br>\n\n    <h3>Selectienner  votre marque pr\u00e9f\u00e9r\u00e9e:<\/h3>\n    <div id=\"brandCheckboxes\"><\/div>\n    \n    <h3>Selectionner votre mod\u00e8le:<\/h3>\n    <div id=\"carrosserieCheckboxes\"><\/div>\n\n    <h3>Selectionner votre \u00e9nergie:<\/h3>\n    <div id=\"energyCheckboxes\">\n        <input type=\"checkbox\" value=\"GO\" id=\"GO\" checked><label for=\"GO\"> Diesel<\/label><br>\n        <input type=\"checkbox\" value=\"EL\" id=\"EL\" checked><label for=\"EL\"> \u00c9lectrique<\/label><br>\n        <input type=\"checkbox\" value=\"ES\" id=\"ES\" checked><label for=\"ES\"> Essence<\/label><br>\n        <input type=\"checkbox\" value=\"EH\" id=\"EH\" checked><label for=\"EH\"> Hybride non rechargeable Essence<\/label><br>\n\t\t<input type=\"checkbox\" value=\"GH\" id=\"GH\" checked><label for=\"GH\"> Hybride non rechargeable Diesel)<\/label><br>\n        <input type=\"checkbox\" value=\"EE\" id=\"EE\" checked><label for=\"EE\"> Hybride rechargeable Essence<\/label><br>\n\t\t<input type=\"checkbox\" value=\"GL\" id=\"GL\" checked><label for=\"GL\"> Hybride rechargeable Diesel<\/label><br>\n    <\/div>\n\n    <h3>S\u00e9lectionner lage de prix:<\/h3>\n    <select id=\"priceRange\">\n        <option value=\"0\">All<\/option>\n        <option value=\"20000\">Less than 20,000\u20ac<\/option>\n        <option value=\"25000\">Less than 25,000\u20ac<\/option>\n        <option value=\"30000\">Less than 30,000\u20ac<\/option>\n        <option value=\"35000\">Less than 35,000\u20ac<\/option>\n        <option value=\"40000\">Less than 40,000\u20ac<\/option>\n        <option value=\"45000\">Less than 45,000\u20ac<\/option>\n        <option value=\"50000\">Less than 50,000\u20ac<\/option>\n        <option value=\"50001\">More than 50,000\u20ac<\/option>\n    <\/select>\n    <br><br>\n\n    <button onclick=\"calculateCost()\">Calcul le cout total<\/button><br><br>\n\n    <h3>Total Cost (Purchase + Energy): \u20ac<span id=\"totalCost\">0<\/span><\/h3>\n\n    \n\n    \n\n    <h3>Nombre total de kilometres chaque ann\u00e9e:<\/h3>\n    <ul>\n        <li>Ann\u00e9e 1: <span id=\"year1Km\">0<\/span> km<\/li>\n        <li>Ann\u00e9e 2: <span id=\"year2Km\">0<\/span> km<\/li>\n        <li>Ann\u00e9e 3: <span id=\"year3Km\">0<\/span> km<\/li>\n        <li>Ann\u00e9e 4: <span id=\"year4Km\">0<\/span> km<\/li>\n        <li>Ann\u00e9e 5: <span id=\"year5Km\">0<\/span> km<\/li>\n    <\/ul>\n\n    <h3>Nombre total de kilometres sur 5 ans: <span id=\"totalKm\">0<\/span> km<\/h3>\n\n    <h3>Cout total sur 5 ans<\/h3>\n    <canvas id=\"priceChart\"><\/canvas>\n\n    <h3>Evolutions des couts sur 5 ans<\/h3>\n   <canvas id=\"costEvolutionChart\"><\/canvas>\t\n\n    <script src=\"https:\/\/nesticar.com\/nesticar\/nesticar12.js\"><\/script>\n    \n<\/html>\n\n\n\n<p>Mode de calcul : Le cout total de possession prend en compte de cout d&rsquo;achat, le cout r\u00e9sultant du carburant ou de la charge  <strong>mais pas le Bonus Malus eventuel<\/strong><\/p>\n","protected":false},"excerpt":{"rendered":"<p>Car Cost Calculator Comment utilisez vous votre v\u00e9hicule: Kilometrage chaque jour de la semaine (km): Kilometrage en Weekend (km): Kilometrage pour longs trajets ou vacances (km): Selectienner votre marque pr\u00e9f\u00e9r\u00e9e: Selectionner votre mod\u00e8le: Selectionner votre \u00e9nergie: Diesel \u00c9lectrique Essence Hybride non rechargeable Essence Hybride non rechargeable Diesel) Hybride rechargeable Essence Hybride rechargeable Diesel S\u00e9lectionner lage [&hellip;]<\/p>\n","protected":false},"author":1,"featured_media":0,"parent":0,"menu_order":0,"comment_status":"closed","ping_status":"closed","template":"","meta":{"footnotes":""},"class_list":["post-7","page","type-page","status-publish","hentry"],"yoast_head":"<!-- This site is optimized with the Yoast SEO plugin v23.3 - https:\/\/yoast.com\/wordpress\/plugins\/seo\/ -->\n<title>Comparatif voitures - Nesticar<\/title>\n<meta name=\"description\" content=\"Vous voulez savoir combien votre voiture va r\u00e9ellement vous couter ? hybrides, \u00e9lectriques, hybride rechargeable ? quelle diff\u00e9rence ?\" \/>\n<meta name=\"robots\" content=\"index, follow, max-snippet:-1, max-image-preview:large, max-video-preview:-1\" \/>\n<link rel=\"canonical\" href=\"https:\/\/nesticar.com\/\" \/>\n<meta property=\"og:locale\" content=\"fr_FR\" \/>\n<meta property=\"og:type\" content=\"article\" \/>\n<meta property=\"og:title\" content=\"Comparatif voitures - Nesticar\" \/>\n<meta property=\"og:description\" content=\"Vous voulez savoir combien votre voiture va r\u00e9ellement vous couter ? hybrides, \u00e9lectriques, hybride rechargeable ? quelle diff\u00e9rence ?\" \/>\n<meta property=\"og:url\" content=\"https:\/\/nesticar.com\/\" \/>\n<meta property=\"og:site_name\" content=\"Nesticar\" \/>\n<meta property=\"article:modified_time\" content=\"2024-08-27T11:16:53+00:00\" \/>\n<meta name=\"twitter:card\" content=\"summary_large_image\" \/>\n<meta name=\"twitter:label1\" content=\"Dur\u00e9e de lecture estim\u00e9e\" \/>\n\t<meta name=\"twitter:data1\" content=\"1 minute\" \/>\n<script type=\"application\/ld+json\" class=\"yoast-schema-graph\">{\"@context\":\"https:\/\/schema.org\",\"@graph\":[{\"@type\":\"WebPage\",\"@id\":\"https:\/\/nesticar.com\/\",\"url\":\"https:\/\/nesticar.com\/\",\"name\":\"Comparatif voitures - Nesticar\",\"isPartOf\":{\"@id\":\"https:\/\/nesticar.com\/#website\"},\"datePublished\":\"2024-08-25T20:55:26+00:00\",\"dateModified\":\"2024-08-27T11:16:53+00:00\",\"description\":\"Vous voulez savoir combien votre voiture va r\u00e9ellement vous couter ? hybrides, \u00e9lectriques, hybride rechargeable ? quelle diff\u00e9rence ?\",\"breadcrumb\":{\"@id\":\"https:\/\/nesticar.com\/#breadcrumb\"},\"inLanguage\":\"fr-FR\",\"potentialAction\":[{\"@type\":\"ReadAction\",\"target\":[\"https:\/\/nesticar.com\/\"]}]},{\"@type\":\"BreadcrumbList\",\"@id\":\"https:\/\/nesticar.com\/#breadcrumb\",\"itemListElement\":[{\"@type\":\"ListItem\",\"position\":1,\"name\":\"Accueil\",\"item\":\"https:\/\/nesticar.com\/\"},{\"@type\":\"ListItem\",\"position\":2,\"name\":\"Comparatif voitures\"}]},{\"@type\":\"WebSite\",\"@id\":\"https:\/\/nesticar.com\/#website\",\"url\":\"https:\/\/nesticar.com\/\",\"name\":\"Nesticar\",\"description\":\"Combien votre voiture va vraiment vous couter ?\",\"potentialAction\":[{\"@type\":\"SearchAction\",\"target\":{\"@type\":\"EntryPoint\",\"urlTemplate\":\"https:\/\/nesticar.com\/?s={search_term_string}\"},\"query-input\":\"required name=search_term_string\"}],\"inLanguage\":\"fr-FR\"}]}<\/script>\n<!-- \/ Yoast SEO plugin. -->","yoast_head_json":{"title":"Comparatif voitures - Nesticar","description":"Vous voulez savoir combien votre voiture va r\u00e9ellement vous couter ? hybrides, \u00e9lectriques, hybride rechargeable ? quelle diff\u00e9rence ?","robots":{"index":"index","follow":"follow","max-snippet":"max-snippet:-1","max-image-preview":"max-image-preview:large","max-video-preview":"max-video-preview:-1"},"canonical":"https:\/\/nesticar.com\/","og_locale":"fr_FR","og_type":"article","og_title":"Comparatif voitures - Nesticar","og_description":"Vous voulez savoir combien votre voiture va r\u00e9ellement vous couter ? hybrides, \u00e9lectriques, hybride rechargeable ? quelle diff\u00e9rence ?","og_url":"https:\/\/nesticar.com\/","og_site_name":"Nesticar","article_modified_time":"2024-08-27T11:16:53+00:00","twitter_card":"summary_large_image","twitter_misc":{"Dur\u00e9e de lecture estim\u00e9e":"1 minute"},"schema":{"@context":"https:\/\/schema.org","@graph":[{"@type":"WebPage","@id":"https:\/\/nesticar.com\/","url":"https:\/\/nesticar.com\/","name":"Comparatif voitures - Nesticar","isPartOf":{"@id":"https:\/\/nesticar.com\/#website"},"datePublished":"2024-08-25T20:55:26+00:00","dateModified":"2024-08-27T11:16:53+00:00","description":"Vous voulez savoir combien votre voiture va r\u00e9ellement vous couter ? hybrides, \u00e9lectriques, hybride rechargeable ? quelle diff\u00e9rence ?","breadcrumb":{"@id":"https:\/\/nesticar.com\/#breadcrumb"},"inLanguage":"fr-FR","potentialAction":[{"@type":"ReadAction","target":["https:\/\/nesticar.com\/"]}]},{"@type":"BreadcrumbList","@id":"https:\/\/nesticar.com\/#breadcrumb","itemListElement":[{"@type":"ListItem","position":1,"name":"Accueil","item":"https:\/\/nesticar.com\/"},{"@type":"ListItem","position":2,"name":"Comparatif voitures"}]},{"@type":"WebSite","@id":"https:\/\/nesticar.com\/#website","url":"https:\/\/nesticar.com\/","name":"Nesticar","description":"Combien votre voiture va vraiment vous couter ?","potentialAction":[{"@type":"SearchAction","target":{"@type":"EntryPoint","urlTemplate":"https:\/\/nesticar.com\/?s={search_term_string}"},"query-input":"required name=search_term_string"}],"inLanguage":"fr-FR"}]}},"jetpack_sharing_enabled":true,"_links":{"self":[{"href":"https:\/\/nesticar.com\/index.php\/wp-json\/wp\/v2\/pages\/7","targetHints":{"allow":["GET"]}}],"collection":[{"href":"https:\/\/nesticar.com\/index.php\/wp-json\/wp\/v2\/pages"}],"about":[{"href":"https:\/\/nesticar.com\/index.php\/wp-json\/wp\/v2\/types\/page"}],"author":[{"embeddable":true,"href":"https:\/\/nesticar.com\/index.php\/wp-json\/wp\/v2\/users\/1"}],"replies":[{"embeddable":true,"href":"https:\/\/nesticar.com\/index.php\/wp-json\/wp\/v2\/comments?post=7"}],"version-history":[{"count":27,"href":"https:\/\/nesticar.com\/index.php\/wp-json\/wp\/v2\/pages\/7\/revisions"}],"predecessor-version":[{"id":143,"href":"https:\/\/nesticar.com\/index.php\/wp-json\/wp\/v2\/pages\/7\/revisions\/143"}],"wp:attachment":[{"href":"https:\/\/nesticar.com\/index.php\/wp-json\/wp\/v2\/media?parent=7"}],"curies":[{"name":"wp","href":"https:\/\/api.w.org\/{rel}","templated":true}]}}