{"id":34,"date":"2024-08-25T23:31:18","date_gmt":"2024-08-25T21:31:18","guid":{"rendered":"https:\/\/nesticar.com\/?page_id=34"},"modified":"2024-08-26T23:33:07","modified_gmt":"2024-08-26T21:33:07","slug":"prix-estime","status":"publish","type":"page","link":"https:\/\/nesticar.com\/index.php\/prix-estime\/","title":{"rendered":"Comparatif rapide"},"content":{"rendered":"\n<!DOCTYPE html>\n<html lang=\"fr\">\n<head>\n    <meta charset=\"UTF-8\">\n    <meta name=\"viewport\" content=\"width=device-width, initial-scale=1.0\">\n    <title>Comparateur de Prix de Voitures<\/title>\n    <style>\n        body {\n            font-family: Arial, sans-serif;\n            margin: 20px;\n        }\n        .car-comparison {\n            display: flex;\n            justify-content: space-between;\n        }\n        .car-form, .price-settings {\n            margin-bottom: 15px;\n        }\n        .car-form label, .price-settings label {\n            display: block;\n            margin-bottom: 6px;\n            font-size: 0.9em;\n        }\n        .car-form select, .car-form input, .price-settings input, .price-settings select {\n            width: 100%;\n            padding: 6px;\n            margin-bottom: 8px;\n            font-size: 0.9em;\n        }\n        .car-result {\n            font-weight: bold;\n            margin-top: 20px;\n        }\n        .settings {\n            display: flex;\n            justify-content: space-between;\n            margin-bottom: 15px;\n        }\n        .settings > div {\n            width: 48%;\n        }\n        .price-settings h2 {\n            font-size: 1em;\n            margin-bottom: 10px;\n        }\n        .price-settings {\n            font-size: 0.9em;\n        }\n        .error {\n            color: red;\n            font-weight: bold;\n            margin-top: 20px;\n        }\n    <\/style>\n<\/head>\n<body>\n    <h1>Comparateur de Prix de Voitures<\/h1>\n\n    <div class=\"settings\">\n        <div>\n            <h2>Informations g\u00e9n\u00e9rales<\/h2>\n            <label for=\"km\">Kilom\u00e9trage annuel (km) (valable pour les deux voitures):<\/label>\n            <input type=\"number\" id=\"km\" min=\"0\">\n        <\/div>\n        <div>\n            <h2>Dur\u00e9e de calcul<\/h2>\n            <label for=\"annees\">Dur\u00e9e du calcul (ann\u00e9es) (valable pour les deux voitures):<\/label>\n            <select id=\"annees\">\n                <option value=\"3\">3 ans<\/option>\n                <option value=\"5\" selected>5 ans<\/option>\n                <option value=\"7\">7 ans<\/option>\n                <option value=\"10\">10 ans<\/option>\n            <\/select>\n        <\/div>\n    <\/div>\n\n    <div class=\"car-comparison\">\n        <div class=\"car-form\">\n            <h2>Voiture 1<\/h2>\n            <label for=\"prix1\">Montant d&rsquo;achat (\u20ac):<\/label>\n            <input type=\"number\" id=\"prix1\" min=\"0\">\n            <label for=\"type1\">Type de v\u00e9hicule:<\/label>\n            <select id=\"type1\">\n                <option value=\"essence\">Essence<\/option>\n                <option value=\"diesel\">Diesel<\/option>\n                <option value=\"electrique\">\u00c9lectrique<\/option>\n                <option value=\"hybride_essence\">Hybride rechargeable essence<\/option>\n                <option value=\"hybride_diesel\">Hybride rechargeable diesel<\/option>\n                <option value=\"hybride_non_rechargeable_essence\">Hybride non rechargeable essence<\/option>\n                <option value=\"hybride_non_rechargeable_diesel\">Hybride non rechargeable diesel<\/option>\n            <\/select>\n            <label for=\"bonus1\">Bonus\/Malus (\u20ac) (peut \u00eatre n\u00e9gatif):<\/label>\n            <input type=\"number\" id=\"bonus1\" placeholder=\"0\">\n        <\/div>\n\n        <div class=\"car-form\">\n            <h2>Voiture 2<\/h2>\n            <label for=\"prix2\">Montant d&rsquo;achat (\u20ac):<\/label>\n            <input type=\"number\" id=\"prix2\" min=\"0\">\n            <label for=\"type2\">Type de v\u00e9hicule:<\/label>\n            <select id=\"type2\">\n                <option value=\"essence\">Essence<\/option>\n                <option value=\"diesel\">Diesel<\/option>\n                <option value=\"electrique\">\u00c9lectrique<\/option>\n                <option value=\"hybride_essence\">Hybride rechargeable essence<\/option>\n                <option value=\"hybride_diesel\">Hybride rechargeable diesel<\/option>\n                <option value=\"hybride_non_rechargeable_essence\">Hybride non rechargeable essence<\/option>\n                <option value=\"hybride_non_rechargeable_diesel\">Hybride non rechargeable diesel<\/option>\n            <\/select>\n            <label for=\"bonus2\">Bonus\/Malus (\u20ac) (peut \u00eatre n\u00e9gatif):<\/label>\n            <input type=\"number\" id=\"bonus2\" placeholder=\"0\">\n        <\/div>\n    <\/div>\n\n    <button onclick=\"calculer()\">Comparer les deux voitures<\/button>\n\n    <div class=\"price-settings\">\n        <h2>Ajustement des co\u00fbts de carburant et d&rsquo;\u00e9lectricit\u00e9<\/h2>\n        <label for=\"prixEssence\">Prix au litre d&rsquo;essence (\u20ac):<\/label>\n        <input type=\"number\" id=\"prixEssence\" value=\"1.6\" step=\"0.01\" min=\"0\">\n        <label for=\"prixDiesel\">Prix au litre de diesel (\u20ac):<\/label>\n        <input type=\"number\" id=\"prixDiesel\" value=\"1.4\" step=\"0.01\" min=\"0\">\n        <label for=\"coutElectricite\">Co\u00fbt de l&rsquo;\u00e9lectricit\u00e9 (\u20ac\/kWh):<\/label>\n        <select id=\"coutElectricite\">\n            <option value=\"0.2\">Maison (0.2 \u20ac\/kWh)<\/option>\n            <option value=\"0.4\">Borne publique (0.4 \u20ac\/kWh)<\/option>\n            <option value=\"0.55\">Super chargeur (0.55 \u20ac\/kWh)<\/option>\n            <option value=\"0\">Gratuit (Recharge au travail)<\/option>\n        <\/select>\n    <\/div>\n\n    <div id=\"resultat1\" class=\"car-result\"><\/div>\n    <div id=\"resultat2\" class=\"car-result\"><\/div>\n    <div id=\"comparaison\" class=\"car-result\"><\/div>\n    <div id=\"erreur\" class=\"error\"><\/div>\n\n     <script src=\"https:\/\/nesticar.com\/nesticar\/nesticarsimplified.js\"><\/script>\n<\/body>\n<\/html>\n\n","protected":false},"excerpt":{"rendered":"<p>Comparateur de Prix de Voitures Comparateur de Prix de Voitures Informations g\u00e9n\u00e9rales Kilom\u00e9trage annuel (km) (valable pour les deux voitures): Dur\u00e9e de calcul Dur\u00e9e du calcul (ann\u00e9es) (valable pour les deux voitures): 3 ans5 ans7 ans10 ans Voiture 1 Montant d&rsquo;achat (\u20ac): Type de v\u00e9hicule: EssenceDiesel\u00c9lectriqueHybride rechargeable essenceHybride rechargeable dieselHybride non rechargeable essenceHybride non rechargeable [&hellip;]<\/p>\n","protected":false},"author":1,"featured_media":0,"parent":0,"menu_order":0,"comment_status":"closed","ping_status":"closed","template":"","meta":{"footnotes":""},"class_list":["post-34","page","type-page","status-publish","hentry"],"yoast_head":"<!-- This site is optimized with the Yoast SEO plugin v23.3 - https:\/\/yoast.com\/wordpress\/plugins\/seo\/ -->\n<title>Comparatif rapide - Nesticar<\/title>\n<meta name=\"robots\" content=\"index, follow, max-snippet:-1, max-image-preview:large, max-video-preview:-1\" \/>\n<link rel=\"canonical\" href=\"https:\/\/nesticar.com\/index.php\/prix-estime\/\" \/>\n<meta property=\"og:locale\" content=\"fr_FR\" \/>\n<meta property=\"og:type\" content=\"article\" \/>\n<meta property=\"og:title\" content=\"Comparatif rapide - Nesticar\" \/>\n<meta property=\"og:description\" content=\"Comparateur de Prix de Voitures Comparateur de Prix de Voitures Informations g\u00e9n\u00e9rales Kilom\u00e9trage annuel (km) (valable pour les deux voitures): Dur\u00e9e de calcul Dur\u00e9e du calcul (ann\u00e9es) (valable pour les deux voitures): 3 ans5 ans7 ans10 ans Voiture 1 Montant d&rsquo;achat (\u20ac): Type de v\u00e9hicule: EssenceDiesel\u00c9lectriqueHybride rechargeable essenceHybride rechargeable dieselHybride non rechargeable essenceHybride non rechargeable [&hellip;]\" \/>\n<meta property=\"og:url\" content=\"https:\/\/nesticar.com\/index.php\/prix-estime\/\" \/>\n<meta property=\"og:site_name\" content=\"Nesticar\" \/>\n<meta property=\"article:modified_time\" content=\"2024-08-26T21:33:07+00:00\" \/>\n<meta name=\"twitter:card\" content=\"summary_large_image\" \/>\n<meta name=\"twitter:label1\" content=\"Dur\u00e9e de lecture estim\u00e9e\" \/>\n\t<meta name=\"twitter:data1\" content=\"1 minute\" \/>\n<script type=\"application\/ld+json\" class=\"yoast-schema-graph\">{\"@context\":\"https:\/\/schema.org\",\"@graph\":[{\"@type\":\"WebPage\",\"@id\":\"https:\/\/nesticar.com\/index.php\/prix-estime\/\",\"url\":\"https:\/\/nesticar.com\/index.php\/prix-estime\/\",\"name\":\"Comparatif rapide - Nesticar\",\"isPartOf\":{\"@id\":\"https:\/\/nesticar.com\/#website\"},\"datePublished\":\"2024-08-25T21:31:18+00:00\",\"dateModified\":\"2024-08-26T21:33:07+00:00\",\"breadcrumb\":{\"@id\":\"https:\/\/nesticar.com\/index.php\/prix-estime\/#breadcrumb\"},\"inLanguage\":\"fr-FR\",\"potentialAction\":[{\"@type\":\"ReadAction\",\"target\":[\"https:\/\/nesticar.com\/index.php\/prix-estime\/\"]}]},{\"@type\":\"BreadcrumbList\",\"@id\":\"https:\/\/nesticar.com\/index.php\/prix-estime\/#breadcrumb\",\"itemListElement\":[{\"@type\":\"ListItem\",\"position\":1,\"name\":\"Accueil\",\"item\":\"https:\/\/nesticar.com\/\"},{\"@type\":\"ListItem\",\"position\":2,\"name\":\"Comparatif rapide\"}]},{\"@type\":\"WebSite\",\"@id\":\"https:\/\/nesticar.com\/#website\",\"url\":\"https:\/\/nesticar.com\/\",\"name\":\"Nesticar\",\"description\":\"Combien votre voiture va vraiment vous couter ?\",\"potentialAction\":[{\"@type\":\"SearchAction\",\"target\":{\"@type\":\"EntryPoint\",\"urlTemplate\":\"https:\/\/nesticar.com\/?s={search_term_string}\"},\"query-input\":\"required name=search_term_string\"}],\"inLanguage\":\"fr-FR\"}]}<\/script>\n<!-- \/ Yoast SEO plugin. -->","yoast_head_json":{"title":"Comparatif rapide - Nesticar","robots":{"index":"index","follow":"follow","max-snippet":"max-snippet:-1","max-image-preview":"max-image-preview:large","max-video-preview":"max-video-preview:-1"},"canonical":"https:\/\/nesticar.com\/index.php\/prix-estime\/","og_locale":"fr_FR","og_type":"article","og_title":"Comparatif rapide - Nesticar","og_description":"Comparateur de Prix de Voitures Comparateur de Prix de Voitures Informations g\u00e9n\u00e9rales Kilom\u00e9trage annuel (km) (valable pour les deux voitures): Dur\u00e9e de calcul Dur\u00e9e du calcul (ann\u00e9es) (valable pour les deux voitures): 3 ans5 ans7 ans10 ans Voiture 1 Montant d&rsquo;achat (\u20ac): Type de v\u00e9hicule: EssenceDiesel\u00c9lectriqueHybride rechargeable essenceHybride rechargeable dieselHybride non rechargeable essenceHybride non rechargeable [&hellip;]","og_url":"https:\/\/nesticar.com\/index.php\/prix-estime\/","og_site_name":"Nesticar","article_modified_time":"2024-08-26T21:33:07+00:00","twitter_card":"summary_large_image","twitter_misc":{"Dur\u00e9e de lecture estim\u00e9e":"1 minute"},"schema":{"@context":"https:\/\/schema.org","@graph":[{"@type":"WebPage","@id":"https:\/\/nesticar.com\/index.php\/prix-estime\/","url":"https:\/\/nesticar.com\/index.php\/prix-estime\/","name":"Comparatif rapide - Nesticar","isPartOf":{"@id":"https:\/\/nesticar.com\/#website"},"datePublished":"2024-08-25T21:31:18+00:00","dateModified":"2024-08-26T21:33:07+00:00","breadcrumb":{"@id":"https:\/\/nesticar.com\/index.php\/prix-estime\/#breadcrumb"},"inLanguage":"fr-FR","potentialAction":[{"@type":"ReadAction","target":["https:\/\/nesticar.com\/index.php\/prix-estime\/"]}]},{"@type":"BreadcrumbList","@id":"https:\/\/nesticar.com\/index.php\/prix-estime\/#breadcrumb","itemListElement":[{"@type":"ListItem","position":1,"name":"Accueil","item":"https:\/\/nesticar.com\/"},{"@type":"ListItem","position":2,"name":"Comparatif rapide"}]},{"@type":"WebSite","@id":"https:\/\/nesticar.com\/#website","url":"https:\/\/nesticar.com\/","name":"Nesticar","description":"Combien votre voiture va vraiment vous couter ?","potentialAction":[{"@type":"SearchAction","target":{"@type":"EntryPoint","urlTemplate":"https:\/\/nesticar.com\/?s={search_term_string}"},"query-input":"required name=search_term_string"}],"inLanguage":"fr-FR"}]}},"jetpack_sharing_enabled":true,"_links":{"self":[{"href":"https:\/\/nesticar.com\/index.php\/wp-json\/wp\/v2\/pages\/34","targetHints":{"allow":["GET"]}}],"collection":[{"href":"https:\/\/nesticar.com\/index.php\/wp-json\/wp\/v2\/pages"}],"about":[{"href":"https:\/\/nesticar.com\/index.php\/wp-json\/wp\/v2\/types\/page"}],"author":[{"embeddable":true,"href":"https:\/\/nesticar.com\/index.php\/wp-json\/wp\/v2\/users\/1"}],"replies":[{"embeddable":true,"href":"https:\/\/nesticar.com\/index.php\/wp-json\/wp\/v2\/comments?post=34"}],"version-history":[{"count":5,"href":"https:\/\/nesticar.com\/index.php\/wp-json\/wp\/v2\/pages\/34\/revisions"}],"predecessor-version":[{"id":117,"href":"https:\/\/nesticar.com\/index.php\/wp-json\/wp\/v2\/pages\/34\/revisions\/117"}],"wp:attachment":[{"href":"https:\/\/nesticar.com\/index.php\/wp-json\/wp\/v2\/media?parent=34"}],"curies":[{"name":"wp","href":"https:\/\/api.w.org\/{rel}","templated":true}]}}